{"id":5896,"date":"2024-04-13T17:57:45","date_gmt":"2024-04-13T15:57:45","guid":{"rendered":"https:\/\/garancerhubarb.com\/?post_type=product&#038;p=5896"},"modified":"2026-02-11T15:31:03","modified_gmt":"2026-02-11T14:31:03","slug":"nordet","status":"publish","type":"product","link":"https:\/\/garancerhubarb.com\/en\/product\/nordet\/","title":{"rendered":"Williwaw"},"content":{"rendered":"<p style=\"text-align: justify;\"><strong><span style=\"color: #000000; font-family: comic sans ms, sans-serif; font-size: 14pt;\">Epais et moelleux<\/span><\/strong><br \/>\n<span style=\"color: #000000; font-family: comic sans ms, sans-serif;\">Fil peign\u00e9 compos\u00e9 d&rsquo;un m\u00e9lange de laine et de fibres de Baby Alpaga issues d&rsquo;\u00e9levages s\u00e9lectionn\u00e9s dans l&rsquo;altiplano andin, au P\u00e9rou et en Bolivie.<\/span><br \/>\n<span style=\"color: #000000; font-family: comic sans ms, sans-serif;\">Williwaw entre dans la cat\u00e9gorie des fils \u00e0 tricoter Bulky \/ Chunky. Ses trois brins peu retordus, m\u00e9langeant deux fibres d\u2019exception, en font un fil \u00e9pais particuli\u00e8rement doux. Il sera l\u2019alli\u00e9 parfait pour des ouvrages d\u2019hiver chauds, moelleux et r\u00e9confortants \u00e0 se concocter au coin du feu. Id\u00e9al pour la fabrication de grosses chaussettes ou jambi\u00e8res toutes douces pour les soir\u00e9es fra\u00eeches, ou d\u2019une parure compl\u00e8te compos\u00e9e d\u2019un bonnet, d\u2019un snood douillet et d\u2019une paire de mitaines ou de moufles pour s\u2019emmitoufler avant d\u2019affronter le blizzard. Pour les amateurs de fil bien rond, de belles grosses mailles en jersey ou de torsades sublimes, d\u2019accessoires chics qui prennent forme en un claquement de doigts !<\/span><\/p>\n<p class=\"translation-block\"><span style=\"color: #000000;font-family: comic sans ms, sans-serif\"><strong><span style=\"font-size: 14pt\">Features<\/span> <\/strong><br>\nNatural color of the fiber or hand dyed<br>\nComposition: 70% wool \u2013 30% baby alpaca<\/span><br>\n<span style=\"color: #000000;font-family: comic sans ms, sans-serif\">Weight: approximately 100 g<br>\nLength: approximately 100 m<br>\nSample 10 cm x 10 cm: 12 stitches x 16 rows<br>\nRecommended needle size: 7 \u2013 8<br>\nWomen's size 40 sweater: 8 skeins \u00b1<br>\nTypology: Bulky \u2013 Chunky<\/span><br>\n<span style=\"color: #000000;font-family: comic sans ms, sans-serif\">Combed 3-ply yarn, spun in France<\/span><br>\n<span style=\"color: #000000;font-family: comic sans ms, sans-serif\">Without sizing or softener. Untreated with Super Wash<\/span><br>\n<span style=\"color: #000000;font-family: comic sans ms, sans-serif\">Packaged in skeins or balls (optional)<\/span><\/p>","protected":false},"excerpt":{"rendered":"<p class=\"MsoNormal\" style=\"margin-bottom: 0cm; line-height: normal;\"><span style=\"font-family: comic sans ms, sans-serif; color: #000000;\">Bulky &#8211; Chunky<\/span><\/p>\n<p class=\"MsoNormal\" style=\"margin-bottom: 0cm; line-height: normal;\"><span style=\"font-family: comic sans ms, sans-serif; color: #000000;\">70% wool \u2013 30% baby alpaca<\/span><\/p>\n<p class=\"MsoNormal\" style=\"margin-bottom: 0cm; line-height: normal;\"><span style=\"font-family: comic sans ms, sans-serif; color: #000000;\">3 strands<\/span><\/p>\n<p class=\"MsoNormal\" style=\"margin-bottom: 0cm; line-height: normal;\"><span style=\"font-family: comic sans ms, sans-serif; color: #000000;\">100 g \/ 100 m approximately<\/span><\/p>\n<p class=\"MsoNormal\" style=\"margin-bottom: 0cm; line-height: normal;\"><span style=\"font-family: comic sans ms, sans-serif; color: #000000;\">Needles : 7 \u2013 8<\/span><\/p>\n<p>&nbsp;<\/p>","protected":false},"featured_media":16994,"comment_status":"open","ping_status":"closed","template":"","meta":{"site-sidebar-layout":"default","site-content-layout":"","ast-site-content-layout":"default","site-content-style":"default","site-sidebar-style":"default","ast-global-header-display":"","ast-banner-title-visibility":"","ast-main-header-display":"","ast-hfb-above-header-display":"","ast-hfb-below-header-display":"","ast-hfb-mobile-header-display":"","site-post-title":"","ast-breadcrumbs-content":"","ast-featured-img":"","footer-sml-layout":"","ast-disable-related-posts":"","theme-transparent-header-meta":"default","adv-header-id-meta":"","stick-header-meta":"default","header-above-stick-meta":"","header-main-stick-meta":"","header-below-stick-meta":"","astra-migrate-meta-layouts":"set","ast-page-background-enabled":"default","ast-page-background-meta":{"desktop":{"background-color":"var(--ast-global-color-4)","background-image":"","background-repeat":"repeat","background-position":"center center","background-size":"auto","background-attachment":"scroll","background-type":"","background-media":"","overlay-type":"","overlay-color":"","overlay-opacity":"","overlay-gradient":""},"tablet":{"background-color":"","background-image":"","background-repeat":"repeat","background-position":"center center","background-size":"auto","background-attachment":"scroll","background-type":"","background-media":"","overlay-type":"","overlay-color":"","overlay-opacity":"","overlay-gradient":""},"mobile":{"background-color":"","background-image":"","background-repeat":"repeat","background-position":"center center","background-size":"auto","background-attachment":"scroll","background-type":"","background-media":"","overlay-type":"","overlay-color":"","overlay-opacity":"","overlay-gradient":""}},"ast-content-background-meta":{"desktop":{"background-color":"var(--ast-global-color-5)","background-image":"","background-repeat":"repeat","background-position":"center center","background-size":"auto","background-attachment":"scroll","background-type":"","background-media":"","overlay-type":"","overlay-color":"","overlay-opacity":"","overlay-gradient":""},"tablet":{"background-color":"var(--ast-global-color-5)","background-image":"","background-repeat":"repeat","background-position":"center center","background-size":"auto","background-attachment":"scroll","background-type":"","background-media":"","overlay-type":"","overlay-color":"","overlay-opacity":"","overlay-gradient":""},"mobile":{"background-color":"var(--ast-global-color-5)","background-image":"","background-repeat":"repeat","background-position":"center center","background-size":"auto","background-attachment":"scroll","background-type":"","background-media":"","overlay-type":"","overlay-color":"","overlay-opacity":"","overlay-gradient":""}},"iawp_total_views":123},"product_brand":[],"product_cat":[18],"product_tag":[38,77,78,40,39,41,37,42],"class_list":{"0":"post-5896","1":"product","2":"type-product","3":"status-publish","4":"has-post-thumbnail","6":"product_cat-laines","7":"product_tag-alpaga","8":"product_tag-bulky","9":"product_tag-chunky","10":"product_tag-fibre-exotique","11":"product_tag-fil-dhiver","12":"product_tag-filature-francaise","13":"product_tag-laine","14":"product_tag-teinture-naturelle","15":"desktop-align-left","16":"tablet-align-left","17":"mobile-align-left","18":"ast-product-gallery-layout-vertical-slider","19":"ast-product-single-variable","20":"ast-product-tabs-layout-horizontal","22":"first","23":"instock","24":"shipping-taxable","25":"purchasable","26":"product-type-variable"},"yoast_head":"<!-- This site is optimized with the Yoast SEO plugin v27.4 - https:\/\/yoast.com\/product\/yoast-seo-wordpress\/ -->\n<title>Williwaw - Garance &amp; Rhubarb<\/title>\n<meta name=\"robots\" content=\"index, follow, max-snippet:-1, max-image-preview:large, max-video-preview:-1\" \/>\n<link rel=\"canonical\" href=\"https:\/\/garancerhubarb.com\/en\/product\/nordet\/\" \/>\n<meta property=\"og:locale\" content=\"en_GB\" \/>\n<meta property=\"og:type\" content=\"article\" \/>\n<meta property=\"og:title\" content=\"Williwaw - Garance &amp; Rhubarb\" \/>\n<meta property=\"og:description\" content=\"Bulky - Chunky 70% laine - 30% baby alpaga 3 brins 100 g \/ 100 m environ Aiguilles : 7 - 8 &nbsp;\" \/>\n<meta property=\"og:url\" content=\"https:\/\/garancerhubarb.com\/en\/product\/nordet\/\" \/>\n<meta property=\"og:site_name\" content=\"Garance &amp; Rhubarb\" \/>\n<meta property=\"article:modified_time\" content=\"2026-02-11T14:31:03+00:00\" \/>\n<meta property=\"og:image\" content=\"https:\/\/garancerhubarb.com\/wp-content\/uploads\/2025\/01\/Williwaw-Lait-fraise.webp\" \/>\n\t<meta property=\"og:image:width\" content=\"600\" \/>\n\t<meta property=\"og:image:height\" content=\"600\" \/>\n\t<meta property=\"og:image:type\" content=\"image\/webp\" \/>\n<meta name=\"twitter:card\" content=\"summary_large_image\" \/>\n<meta name=\"twitter:label1\" content=\"Estimated reading time\" \/>\n\t<meta name=\"twitter:data1\" content=\"2 minutes\" \/>\n<script type=\"application\/ld+json\" class=\"yoast-schema-graph\">{\"@context\":\"https:\\\/\\\/schema.org\",\"@graph\":[{\"@type\":\"WebPage\",\"@id\":\"https:\\\/\\\/garancerhubarb.com\\\/produit\\\/nordet\\\/\",\"url\":\"https:\\\/\\\/garancerhubarb.com\\\/produit\\\/nordet\\\/\",\"name\":\"Williwaw - Garance &amp; Rhubarb\",\"isPartOf\":{\"@id\":\"https:\\\/\\\/garancerhubarb.com\\\/#website\"},\"primaryImageOfPage\":{\"@id\":\"https:\\\/\\\/garancerhubarb.com\\\/produit\\\/nordet\\\/#primaryimage\"},\"image\":{\"@id\":\"https:\\\/\\\/garancerhubarb.com\\\/produit\\\/nordet\\\/#primaryimage\"},\"thumbnailUrl\":\"https:\\\/\\\/garancerhubarb.com\\\/wp-content\\\/uploads\\\/2025\\\/01\\\/Williwaw-Lait-fraise.webp\",\"datePublished\":\"2024-04-13T15:57:45+00:00\",\"dateModified\":\"2026-02-11T14:31:03+00:00\",\"breadcrumb\":{\"@id\":\"https:\\\/\\\/garancerhubarb.com\\\/produit\\\/nordet\\\/#breadcrumb\"},\"inLanguage\":\"en-GB\",\"potentialAction\":[{\"@type\":\"ReadAction\",\"target\":[\"https:\\\/\\\/garancerhubarb.com\\\/produit\\\/nordet\\\/\"]}]},{\"@type\":\"ImageObject\",\"inLanguage\":\"en-GB\",\"@id\":\"https:\\\/\\\/garancerhubarb.com\\\/produit\\\/nordet\\\/#primaryimage\",\"url\":\"https:\\\/\\\/garancerhubarb.com\\\/wp-content\\\/uploads\\\/2025\\\/01\\\/Williwaw-Lait-fraise.webp\",\"contentUrl\":\"https:\\\/\\\/garancerhubarb.com\\\/wp-content\\\/uploads\\\/2025\\\/01\\\/Williwaw-Lait-fraise.webp\",\"width\":600,\"height\":600},{\"@type\":\"BreadcrumbList\",\"@id\":\"https:\\\/\\\/garancerhubarb.com\\\/produit\\\/nordet\\\/#breadcrumb\",\"itemListElement\":[{\"@type\":\"ListItem\",\"position\":1,\"name\":\"Accueil\",\"item\":\"https:\\\/\\\/garancerhubarb.com\\\/\"},{\"@type\":\"ListItem\",\"position\":2,\"name\":\"Produits\",\"item\":\"https:\\\/\\\/garancerhubarb.com\\\/shop\\\/\"},{\"@type\":\"ListItem\",\"position\":3,\"name\":\"Williwaw\"}]},{\"@type\":\"WebSite\",\"@id\":\"https:\\\/\\\/garancerhubarb.com\\\/#website\",\"url\":\"https:\\\/\\\/garancerhubarb.com\\\/\",\"name\":\"Garance & Rhubarb\",\"description\":\"Atelier de teintures naturelles et cr\u00e9ations textiles\",\"publisher\":{\"@id\":\"https:\\\/\\\/garancerhubarb.com\\\/#organization\"},\"alternateName\":\"Atelier de teintures naturelles et cr\u00e9ations textiles\",\"potentialAction\":[{\"@type\":\"SearchAction\",\"target\":{\"@type\":\"EntryPoint\",\"urlTemplate\":\"https:\\\/\\\/garancerhubarb.com\\\/?s={search_term_string}\"},\"query-input\":{\"@type\":\"PropertyValueSpecification\",\"valueRequired\":true,\"valueName\":\"search_term_string\"}}],\"inLanguage\":\"en-GB\"},{\"@type\":\"Organization\",\"@id\":\"https:\\\/\\\/garancerhubarb.com\\\/#organization\",\"name\":\"Garance & Rhubarb\",\"url\":\"https:\\\/\\\/garancerhubarb.com\\\/\",\"logo\":{\"@type\":\"ImageObject\",\"inLanguage\":\"en-GB\",\"@id\":\"https:\\\/\\\/garancerhubarb.com\\\/#\\\/schema\\\/logo\\\/image\\\/\",\"url\":\"https:\\\/\\\/garancerhubarb.com\\\/wp-content\\\/uploads\\\/2024\\\/04\\\/Logo-Garance-Rhubarb-couleur-texte-grossi.webp\",\"contentUrl\":\"https:\\\/\\\/garancerhubarb.com\\\/wp-content\\\/uploads\\\/2024\\\/04\\\/Logo-Garance-Rhubarb-couleur-texte-grossi.webp\",\"width\":1080,\"height\":1080,\"caption\":\"Garance & Rhubarb\"},\"image\":{\"@id\":\"https:\\\/\\\/garancerhubarb.com\\\/#\\\/schema\\\/logo\\\/image\\\/\"}}]}<\/script>\n<!-- \/ Yoast SEO plugin. -->","yoast_head_json":{"title":"Williwaw - Garance &amp; Rhubarb","robots":{"index":"index","follow":"follow","max-snippet":"max-snippet:-1","max-image-preview":"max-image-preview:large","max-video-preview":"max-video-preview:-1"},"canonical":"https:\/\/garancerhubarb.com\/en\/product\/nordet\/","og_locale":"en_GB","og_type":"article","og_title":"Williwaw - Garance &amp; Rhubarb","og_description":"Bulky - Chunky 70% laine - 30% baby alpaga 3 brins 100 g \/ 100 m environ Aiguilles : 7 - 8 &nbsp;","og_url":"https:\/\/garancerhubarb.com\/en\/product\/nordet\/","og_site_name":"Garance &amp; Rhubarb","article_modified_time":"2026-02-11T14:31:03+00:00","og_image":[{"width":600,"height":600,"url":"https:\/\/garancerhubarb.com\/wp-content\/uploads\/2025\/01\/Williwaw-Lait-fraise.webp","type":"image\/webp"}],"twitter_card":"summary_large_image","twitter_misc":{"Estimated reading time":"2 minutes"},"schema":{"@context":"https:\/\/schema.org","@graph":[{"@type":"WebPage","@id":"https:\/\/garancerhubarb.com\/produit\/nordet\/","url":"https:\/\/garancerhubarb.com\/produit\/nordet\/","name":"Williwaw - Garance &amp; Rhubarb","isPartOf":{"@id":"https:\/\/garancerhubarb.com\/#website"},"primaryImageOfPage":{"@id":"https:\/\/garancerhubarb.com\/produit\/nordet\/#primaryimage"},"image":{"@id":"https:\/\/garancerhubarb.com\/produit\/nordet\/#primaryimage"},"thumbnailUrl":"https:\/\/garancerhubarb.com\/wp-content\/uploads\/2025\/01\/Williwaw-Lait-fraise.webp","datePublished":"2024-04-13T15:57:45+00:00","dateModified":"2026-02-11T14:31:03+00:00","breadcrumb":{"@id":"https:\/\/garancerhubarb.com\/produit\/nordet\/#breadcrumb"},"inLanguage":"en-GB","potentialAction":[{"@type":"ReadAction","target":["https:\/\/garancerhubarb.com\/produit\/nordet\/"]}]},{"@type":"ImageObject","inLanguage":"en-GB","@id":"https:\/\/garancerhubarb.com\/produit\/nordet\/#primaryimage","url":"https:\/\/garancerhubarb.com\/wp-content\/uploads\/2025\/01\/Williwaw-Lait-fraise.webp","contentUrl":"https:\/\/garancerhubarb.com\/wp-content\/uploads\/2025\/01\/Williwaw-Lait-fraise.webp","width":600,"height":600},{"@type":"BreadcrumbList","@id":"https:\/\/garancerhubarb.com\/produit\/nordet\/#breadcrumb","itemListElement":[{"@type":"ListItem","position":1,"name":"Accueil","item":"https:\/\/garancerhubarb.com\/"},{"@type":"ListItem","position":2,"name":"Produits","item":"https:\/\/garancerhubarb.com\/shop\/"},{"@type":"ListItem","position":3,"name":"Williwaw"}]},{"@type":"WebSite","@id":"https:\/\/garancerhubarb.com\/#website","url":"https:\/\/garancerhubarb.com\/","name":"Garance & Rhubarb","description":"Atelier de teintures naturelles et cr\u00e9ations textiles","publisher":{"@id":"https:\/\/garancerhubarb.com\/#organization"},"alternateName":"Atelier de teintures naturelles et cr\u00e9ations textiles","potentialAction":[{"@type":"SearchAction","target":{"@type":"EntryPoint","urlTemplate":"https:\/\/garancerhubarb.com\/?s={search_term_string}"},"query-input":{"@type":"PropertyValueSpecification","valueRequired":true,"valueName":"search_term_string"}}],"inLanguage":"en-GB"},{"@type":"Organization","@id":"https:\/\/garancerhubarb.com\/#organization","name":"Garance & Rhubarb","url":"https:\/\/garancerhubarb.com\/","logo":{"@type":"ImageObject","inLanguage":"en-GB","@id":"https:\/\/garancerhubarb.com\/#\/schema\/logo\/image\/","url":"https:\/\/garancerhubarb.com\/wp-content\/uploads\/2024\/04\/Logo-Garance-Rhubarb-couleur-texte-grossi.webp","contentUrl":"https:\/\/garancerhubarb.com\/wp-content\/uploads\/2024\/04\/Logo-Garance-Rhubarb-couleur-texte-grossi.webp","width":1080,"height":1080,"caption":"Garance & Rhubarb"},"image":{"@id":"https:\/\/garancerhubarb.com\/#\/schema\/logo\/image\/"}}]}},"_links":{"self":[{"href":"https:\/\/garancerhubarb.com\/en\/wp-json\/wp\/v2\/product\/5896","targetHints":{"allow":["GET"]}}],"collection":[{"href":"https:\/\/garancerhubarb.com\/en\/wp-json\/wp\/v2\/product"}],"about":[{"href":"https:\/\/garancerhubarb.com\/en\/wp-json\/wp\/v2\/types\/product"}],"replies":[{"embeddable":true,"href":"https:\/\/garancerhubarb.com\/en\/wp-json\/wp\/v2\/comments?post=5896"}],"version-history":[{"count":4,"href":"https:\/\/garancerhubarb.com\/en\/wp-json\/wp\/v2\/product\/5896\/revisions"}],"predecessor-version":[{"id":17725,"href":"https:\/\/garancerhubarb.com\/en\/wp-json\/wp\/v2\/product\/5896\/revisions\/17725"}],"wp:featuredmedia":[{"embeddable":true,"href":"https:\/\/garancerhubarb.com\/en\/wp-json\/wp\/v2\/media\/16994"}],"wp:attachment":[{"href":"https:\/\/garancerhubarb.com\/en\/wp-json\/wp\/v2\/media?parent=5896"}],"wp:term":[{"taxonomy":"product_brand","embeddable":true,"href":"https:\/\/garancerhubarb.com\/en\/wp-json\/wp\/v2\/product_brand?post=5896"},{"taxonomy":"product_cat","embeddable":true,"href":"https:\/\/garancerhubarb.com\/en\/wp-json\/wp\/v2\/product_cat?post=5896"},{"taxonomy":"product_tag","embeddable":true,"href":"https:\/\/garancerhubarb.com\/en\/wp-json\/wp\/v2\/product_tag?post=5896"}],"curies":[{"name":"wp","href":"https:\/\/api.w.org\/{rel}","templated":true}]}}