{"id":16589,"date":"2024-11-30T16:48:52","date_gmt":"2024-11-30T15:48:52","guid":{"rendered":"https:\/\/garancerhubarb.com\/?post_type=product&#038;p=16589"},"modified":"2025-05-16T16:09:08","modified_gmt":"2025-05-16T14:09:08","slug":"ruban-a-mesurer","status":"publish","type":"product","link":"https:\/\/garancerhubarb.com\/en\/product\/ruban-a-mesurer\/","title":{"rendered":"Tape measure"},"content":{"rendered":"<p style=\"text-align: justify;\" class=\"translation-block\"><span style=\"font-family: comic sans ms, sans-serif;color: #000000\">Exclusive limited edition design: <em>Infinite circle of love<\/em>. This high-strength, flexible tape measure is an indispensable sewing companion. Its case with charming patterns printed on pure ecru cotton fabric has been carefully assembled by hand. The centered retraction button makes it easy to use.<\/span><\/p>\n<p class=\"translation-block\"><strong><span style=\"font-family: comic sans ms, sans-serif;font-size: 14pt;color: #000000\">Features<\/span><\/strong><br>\n<span style=\"font-family: comic sans ms, sans-serif;color: #000000\">Case material: 100% printed ecru cotton fabric<\/span><br>\n<span style=\"font-family: comic sans ms, sans-serif;color: #000000\">Ribbon material: Double-sided fiberglass<\/span><br>\n<span style=\"font-family: comic sans ms, sans-serif;color: #000000\">Metric markings<\/span><br>\n<span style=\"font-family: comic sans ms, sans-serif;color: #000000\">Ribbon width: 14mm<\/span><br>\n<span style=\"font-family: comic sans ms, sans-serif;color: #000000\">Ribbon length: 2 m <\/span><br>\n<span style=\"font-family: comic sans ms, sans-serif;color: #000000\">Manufacturer: Needle Industries (India) Private Limited<\/span><br>\n<span style=\"font-family: comic sans ms, sans-serif;color: #000000\">Brand: Pony<\/span><\/p>","protected":false},"excerpt":{"rendered":"<p class=\"translation-block\"><span style=\"font-family: comic sans ms, sans-serif;color: #000000\">100% ecru cotton printed fabric case<\/span><br>\n<span style=\"font-family: comic sans ms, sans-serif;color: #000000\">Double-sided fiberglass shrink tape 14 mm x 2 m<\/span><br>\n<span style=\"font-family: comic sans ms, sans-serif;color: #000000\">Metric markings<\/span><br>\n<span style=\"font-family: comic sans ms, sans-serif;color: #000000\">Brand: Pony<\/span><\/p>\n<p>&nbsp;<\/p>","protected":false},"featured_media":16457,"comment_status":"open","ping_status":"closed","template":"","meta":{"site-sidebar-layout":"default","site-content-layout":"","ast-site-content-layout":"default","site-content-style":"default","site-sidebar-style":"default","ast-global-header-display":"","ast-banner-title-visibility":"","ast-main-header-display":"","ast-hfb-above-header-display":"","ast-hfb-below-header-display":"","ast-hfb-mobile-header-display":"","site-post-title":"","ast-breadcrumbs-content":"","ast-featured-img":"","footer-sml-layout":"","ast-disable-related-posts":"","theme-transparent-header-meta":"default","adv-header-id-meta":"","stick-header-meta":"default","header-above-stick-meta":"","header-main-stick-meta":"","header-below-stick-meta":"","astra-migrate-meta-layouts":"set","ast-page-background-enabled":"default","ast-page-background-meta":{"desktop":{"background-color":"var(--ast-global-color-4)","background-image":"","background-repeat":"repeat","background-position":"center center","background-size":"auto","background-attachment":"scroll","background-type":"","background-media":"","overlay-type":"","overlay-color":"","overlay-opacity":"","overlay-gradient":""},"tablet":{"background-color":"","background-image":"","background-repeat":"repeat","background-position":"center center","background-size":"auto","background-attachment":"scroll","background-type":"","background-media":"","overlay-type":"","overlay-color":"","overlay-opacity":"","overlay-gradient":""},"mobile":{"background-color":"","background-image":"","background-repeat":"repeat","background-position":"center center","background-size":"auto","background-attachment":"scroll","background-type":"","background-media":"","overlay-type":"","overlay-color":"","overlay-opacity":"","overlay-gradient":""}},"ast-content-background-meta":{"desktop":{"background-color":"var(--ast-global-color-5)","background-image":"","background-repeat":"repeat","background-position":"center center","background-size":"auto","background-attachment":"scroll","background-type":"","background-media":"","overlay-type":"","overlay-color":"","overlay-opacity":"","overlay-gradient":""},"tablet":{"background-color":"var(--ast-global-color-5)","background-image":"","background-repeat":"repeat","background-position":"center center","background-size":"auto","background-attachment":"scroll","background-type":"","background-media":"","overlay-type":"","overlay-color":"","overlay-opacity":"","overlay-gradient":""},"mobile":{"background-color":"var(--ast-global-color-5)","background-image":"","background-repeat":"repeat","background-position":"center center","background-size":"auto","background-attachment":"scroll","background-type":"","background-media":"","overlay-type":"","overlay-color":"","overlay-opacity":"","overlay-gradient":""}},"iawp_total_views":32},"product_brand":[],"product_cat":[169],"product_tag":[171,217,220,219],"class_list":{"0":"post-16589","1":"product","2":"type-product","3":"status-publish","4":"has-post-thumbnail","6":"product_cat-mercerie","7":"product_tag-couture","8":"product_tag-metre-ruban","9":"product_tag-metrique","10":"product_tag-retractable","11":"desktop-align-left","12":"tablet-align-left","13":"mobile-align-left","14":"ast-product-gallery-layout-vertical-slider","15":"ast-product-single-variable","16":"ast-product-tabs-layout-horizontal","18":"first","19":"instock","20":"shipping-taxable","21":"purchasable","22":"product-type-variable"},"yoast_head":"<!-- This site is optimized with the Yoast SEO plugin v27.4 - https:\/\/yoast.com\/product\/yoast-seo-wordpress\/ -->\n<title>Ruban \u00e0 mesurer - Garance &amp; Rhubarb<\/title>\n<meta name=\"robots\" content=\"index, follow, max-snippet:-1, max-image-preview:large, max-video-preview:-1\" \/>\n<link rel=\"canonical\" href=\"https:\/\/garancerhubarb.com\/en\/product\/ruban-a-mesurer\/\" \/>\n<meta property=\"og:locale\" content=\"en_GB\" \/>\n<meta property=\"og:type\" content=\"article\" \/>\n<meta property=\"og:title\" content=\"Ruban \u00e0 mesurer - Garance &amp; Rhubarb\" \/>\n<meta property=\"og:description\" content=\"\u00c9tui en tissu 100% coton \u00e9cru imprim\u00e9  Ruban r\u00e9tractable en fibre de verre double face 14 mm x 2 m Marquages m\u00e9triques Marque : Pony  &nbsp;\" \/>\n<meta property=\"og:url\" content=\"https:\/\/garancerhubarb.com\/en\/product\/ruban-a-mesurer\/\" \/>\n<meta property=\"og:site_name\" content=\"Garance &amp; Rhubarb\" \/>\n<meta property=\"article:modified_time\" content=\"2025-05-16T14:09:08+00:00\" \/>\n<meta property=\"og:image\" content=\"https:\/\/garancerhubarb.com\/wp-content\/uploads\/2024\/11\/Ruban-a-mesurer-1.webp\" \/>\n\t<meta property=\"og:image:width\" content=\"600\" \/>\n\t<meta property=\"og:image:height\" content=\"600\" \/>\n\t<meta property=\"og:image:type\" content=\"image\/webp\" \/>\n<meta name=\"twitter:card\" content=\"summary_large_image\" \/>\n<meta name=\"twitter:label1\" content=\"Estimated reading time\" \/>\n\t<meta name=\"twitter:data1\" content=\"1 minute\" \/>\n<script type=\"application\/ld+json\" class=\"yoast-schema-graph\">{\"@context\":\"https:\\\/\\\/schema.org\",\"@graph\":[{\"@type\":\"WebPage\",\"@id\":\"https:\\\/\\\/garancerhubarb.com\\\/produit\\\/ruban-a-mesurer\\\/\",\"url\":\"https:\\\/\\\/garancerhubarb.com\\\/produit\\\/ruban-a-mesurer\\\/\",\"name\":\"Ruban \u00e0 mesurer - Garance &amp; Rhubarb\",\"isPartOf\":{\"@id\":\"https:\\\/\\\/garancerhubarb.com\\\/#website\"},\"primaryImageOfPage\":{\"@id\":\"https:\\\/\\\/garancerhubarb.com\\\/produit\\\/ruban-a-mesurer\\\/#primaryimage\"},\"image\":{\"@id\":\"https:\\\/\\\/garancerhubarb.com\\\/produit\\\/ruban-a-mesurer\\\/#primaryimage\"},\"thumbnailUrl\":\"https:\\\/\\\/garancerhubarb.com\\\/wp-content\\\/uploads\\\/2024\\\/11\\\/Ruban-a-mesurer-1.webp\",\"datePublished\":\"2024-11-30T15:48:52+00:00\",\"dateModified\":\"2025-05-16T14:09:08+00:00\",\"breadcrumb\":{\"@id\":\"https:\\\/\\\/garancerhubarb.com\\\/produit\\\/ruban-a-mesurer\\\/#breadcrumb\"},\"inLanguage\":\"en-GB\",\"potentialAction\":[{\"@type\":\"ReadAction\",\"target\":[\"https:\\\/\\\/garancerhubarb.com\\\/produit\\\/ruban-a-mesurer\\\/\"]}]},{\"@type\":\"ImageObject\",\"inLanguage\":\"en-GB\",\"@id\":\"https:\\\/\\\/garancerhubarb.com\\\/produit\\\/ruban-a-mesurer\\\/#primaryimage\",\"url\":\"https:\\\/\\\/garancerhubarb.com\\\/wp-content\\\/uploads\\\/2024\\\/11\\\/Ruban-a-mesurer-1.webp\",\"contentUrl\":\"https:\\\/\\\/garancerhubarb.com\\\/wp-content\\\/uploads\\\/2024\\\/11\\\/Ruban-a-mesurer-1.webp\",\"width\":600,\"height\":600},{\"@type\":\"BreadcrumbList\",\"@id\":\"https:\\\/\\\/garancerhubarb.com\\\/produit\\\/ruban-a-mesurer\\\/#breadcrumb\",\"itemListElement\":[{\"@type\":\"ListItem\",\"position\":1,\"name\":\"Accueil\",\"item\":\"https:\\\/\\\/garancerhubarb.com\\\/\"},{\"@type\":\"ListItem\",\"position\":2,\"name\":\"Produits\",\"item\":\"https:\\\/\\\/garancerhubarb.com\\\/shop\\\/\"},{\"@type\":\"ListItem\",\"position\":3,\"name\":\"Ruban \u00e0 mesurer\"}]},{\"@type\":\"WebSite\",\"@id\":\"https:\\\/\\\/garancerhubarb.com\\\/#website\",\"url\":\"https:\\\/\\\/garancerhubarb.com\\\/\",\"name\":\"Garance & Rhubarb\",\"description\":\"Atelier de teintures naturelles et cr\u00e9ations textiles\",\"publisher\":{\"@id\":\"https:\\\/\\\/garancerhubarb.com\\\/#organization\"},\"alternateName\":\"Atelier de teintures naturelles et cr\u00e9ations textiles\",\"potentialAction\":[{\"@type\":\"SearchAction\",\"target\":{\"@type\":\"EntryPoint\",\"urlTemplate\":\"https:\\\/\\\/garancerhubarb.com\\\/?s={search_term_string}\"},\"query-input\":{\"@type\":\"PropertyValueSpecification\",\"valueRequired\":true,\"valueName\":\"search_term_string\"}}],\"inLanguage\":\"en-GB\"},{\"@type\":\"Organization\",\"@id\":\"https:\\\/\\\/garancerhubarb.com\\\/#organization\",\"name\":\"Garance & Rhubarb\",\"url\":\"https:\\\/\\\/garancerhubarb.com\\\/\",\"logo\":{\"@type\":\"ImageObject\",\"inLanguage\":\"en-GB\",\"@id\":\"https:\\\/\\\/garancerhubarb.com\\\/#\\\/schema\\\/logo\\\/image\\\/\",\"url\":\"https:\\\/\\\/garancerhubarb.com\\\/wp-content\\\/uploads\\\/2024\\\/04\\\/Logo-Garance-Rhubarb-couleur-texte-grossi.webp\",\"contentUrl\":\"https:\\\/\\\/garancerhubarb.com\\\/wp-content\\\/uploads\\\/2024\\\/04\\\/Logo-Garance-Rhubarb-couleur-texte-grossi.webp\",\"width\":1080,\"height\":1080,\"caption\":\"Garance & Rhubarb\"},\"image\":{\"@id\":\"https:\\\/\\\/garancerhubarb.com\\\/#\\\/schema\\\/logo\\\/image\\\/\"}}]}<\/script>\n<!-- \/ Yoast SEO plugin. -->","yoast_head_json":{"title":"Ruban \u00e0 mesurer - Garance &amp; Rhubarb","robots":{"index":"index","follow":"follow","max-snippet":"max-snippet:-1","max-image-preview":"max-image-preview:large","max-video-preview":"max-video-preview:-1"},"canonical":"https:\/\/garancerhubarb.com\/en\/product\/ruban-a-mesurer\/","og_locale":"en_GB","og_type":"article","og_title":"Ruban \u00e0 mesurer - Garance &amp; Rhubarb","og_description":"\u00c9tui en tissu 100% coton \u00e9cru imprim\u00e9  Ruban r\u00e9tractable en fibre de verre double face 14 mm x 2 m Marquages m\u00e9triques Marque : Pony  &nbsp;","og_url":"https:\/\/garancerhubarb.com\/en\/product\/ruban-a-mesurer\/","og_site_name":"Garance &amp; Rhubarb","article_modified_time":"2025-05-16T14:09:08+00:00","og_image":[{"width":600,"height":600,"url":"https:\/\/garancerhubarb.com\/wp-content\/uploads\/2024\/11\/Ruban-a-mesurer-1.webp","type":"image\/webp"}],"twitter_card":"summary_large_image","twitter_misc":{"Estimated reading time":"1 minute"},"schema":{"@context":"https:\/\/schema.org","@graph":[{"@type":"WebPage","@id":"https:\/\/garancerhubarb.com\/produit\/ruban-a-mesurer\/","url":"https:\/\/garancerhubarb.com\/produit\/ruban-a-mesurer\/","name":"Ruban \u00e0 mesurer - Garance &amp; Rhubarb","isPartOf":{"@id":"https:\/\/garancerhubarb.com\/#website"},"primaryImageOfPage":{"@id":"https:\/\/garancerhubarb.com\/produit\/ruban-a-mesurer\/#primaryimage"},"image":{"@id":"https:\/\/garancerhubarb.com\/produit\/ruban-a-mesurer\/#primaryimage"},"thumbnailUrl":"https:\/\/garancerhubarb.com\/wp-content\/uploads\/2024\/11\/Ruban-a-mesurer-1.webp","datePublished":"2024-11-30T15:48:52+00:00","dateModified":"2025-05-16T14:09:08+00:00","breadcrumb":{"@id":"https:\/\/garancerhubarb.com\/produit\/ruban-a-mesurer\/#breadcrumb"},"inLanguage":"en-GB","potentialAction":[{"@type":"ReadAction","target":["https:\/\/garancerhubarb.com\/produit\/ruban-a-mesurer\/"]}]},{"@type":"ImageObject","inLanguage":"en-GB","@id":"https:\/\/garancerhubarb.com\/produit\/ruban-a-mesurer\/#primaryimage","url":"https:\/\/garancerhubarb.com\/wp-content\/uploads\/2024\/11\/Ruban-a-mesurer-1.webp","contentUrl":"https:\/\/garancerhubarb.com\/wp-content\/uploads\/2024\/11\/Ruban-a-mesurer-1.webp","width":600,"height":600},{"@type":"BreadcrumbList","@id":"https:\/\/garancerhubarb.com\/produit\/ruban-a-mesurer\/#breadcrumb","itemListElement":[{"@type":"ListItem","position":1,"name":"Accueil","item":"https:\/\/garancerhubarb.com\/"},{"@type":"ListItem","position":2,"name":"Produits","item":"https:\/\/garancerhubarb.com\/shop\/"},{"@type":"ListItem","position":3,"name":"Ruban \u00e0 mesurer"}]},{"@type":"WebSite","@id":"https:\/\/garancerhubarb.com\/#website","url":"https:\/\/garancerhubarb.com\/","name":"Garance & Rhubarb","description":"Atelier de teintures naturelles et cr\u00e9ations textiles","publisher":{"@id":"https:\/\/garancerhubarb.com\/#organization"},"alternateName":"Atelier de teintures naturelles et cr\u00e9ations textiles","potentialAction":[{"@type":"SearchAction","target":{"@type":"EntryPoint","urlTemplate":"https:\/\/garancerhubarb.com\/?s={search_term_string}"},"query-input":{"@type":"PropertyValueSpecification","valueRequired":true,"valueName":"search_term_string"}}],"inLanguage":"en-GB"},{"@type":"Organization","@id":"https:\/\/garancerhubarb.com\/#organization","name":"Garance & Rhubarb","url":"https:\/\/garancerhubarb.com\/","logo":{"@type":"ImageObject","inLanguage":"en-GB","@id":"https:\/\/garancerhubarb.com\/#\/schema\/logo\/image\/","url":"https:\/\/garancerhubarb.com\/wp-content\/uploads\/2024\/04\/Logo-Garance-Rhubarb-couleur-texte-grossi.webp","contentUrl":"https:\/\/garancerhubarb.com\/wp-content\/uploads\/2024\/04\/Logo-Garance-Rhubarb-couleur-texte-grossi.webp","width":1080,"height":1080,"caption":"Garance & Rhubarb"},"image":{"@id":"https:\/\/garancerhubarb.com\/#\/schema\/logo\/image\/"}}]}},"_links":{"self":[{"href":"https:\/\/garancerhubarb.com\/en\/wp-json\/wp\/v2\/product\/16589","targetHints":{"allow":["GET"]}}],"collection":[{"href":"https:\/\/garancerhubarb.com\/en\/wp-json\/wp\/v2\/product"}],"about":[{"href":"https:\/\/garancerhubarb.com\/en\/wp-json\/wp\/v2\/types\/product"}],"replies":[{"embeddable":true,"href":"https:\/\/garancerhubarb.com\/en\/wp-json\/wp\/v2\/comments?post=16589"}],"version-history":[{"count":2,"href":"https:\/\/garancerhubarb.com\/en\/wp-json\/wp\/v2\/product\/16589\/revisions"}],"predecessor-version":[{"id":16677,"href":"https:\/\/garancerhubarb.com\/en\/wp-json\/wp\/v2\/product\/16589\/revisions\/16677"}],"wp:featuredmedia":[{"embeddable":true,"href":"https:\/\/garancerhubarb.com\/en\/wp-json\/wp\/v2\/media\/16457"}],"wp:attachment":[{"href":"https:\/\/garancerhubarb.com\/en\/wp-json\/wp\/v2\/media?parent=16589"}],"wp:term":[{"taxonomy":"product_brand","embeddable":true,"href":"https:\/\/garancerhubarb.com\/en\/wp-json\/wp\/v2\/product_brand?post=16589"},{"taxonomy":"product_cat","embeddable":true,"href":"https:\/\/garancerhubarb.com\/en\/wp-json\/wp\/v2\/product_cat?post=16589"},{"taxonomy":"product_tag","embeddable":true,"href":"https:\/\/garancerhubarb.com\/en\/wp-json\/wp\/v2\/product_tag?post=16589"}],"curies":[{"name":"wp","href":"https:\/\/api.w.org\/{rel}","templated":true}]}}