{"id":16583,"date":"2024-11-30T15:09:04","date_gmt":"2024-11-30T14:09:04","guid":{"rendered":"https:\/\/garancerhubarb.com\/?post_type=product&#038;p=16583"},"modified":"2026-01-25T17:29:33","modified_gmt":"2026-01-25T16:29:33","slug":"marqueurs-de-mailles","status":"publish","type":"product","link":"https:\/\/garancerhubarb.com\/en\/product\/marqueurs-de-mailles\/","title":{"rendered":"Stitch markers"},"content":{"rendered":"<p style=\"text-align: justify;\"><span style=\"font-family: comic sans ms, sans-serif; color: #000000;\">These colorful marker rings look like small plastic safety pins. Very easy to put in place and remove from your knitted or crocheted projects, they are perfect to help you identify stitches, rows, increases or decreases. They will be a valuable aid in the progression of your projects. Assortment of 2 sizes (23 and 30 mm), the large markers are suitable for needles and hooks up to 10 mm.<\/span><\/p>\n<p class=\"translation-block\"><strong><span style=\"font-family: comic sans ms, sans-serif;font-size: 14pt;color: #000000\">Features<\/span><\/strong><br>\n<span style=\"font-family: comic sans ms, sans-serif;color: #000000\">Material: Colored plastic<\/span><br>\n<span style=\"font-family: comic sans ms, sans-serif;color: #000000\">Pack of 15 pieces<\/span><br>\n<span style=\"font-family: comic sans ms, sans-serif;color: #000000\">Sizes: 23 and 30 mm<\/span><br>\n<span style=\"font-family: comic sans ms, sans-serif;color: #000000\">Manufacturer: Needle Industries (India) Private Limited<\/span><br>\n<span style=\"font-family: comic sans ms, sans-serif;color: #000000\">Brand: Pony<\/span><\/p>","protected":false},"excerpt":{"rendered":"<p class=\"translation-block\"><span style=\"font-family: comic sans ms, sans-serif;color: #000000\">Colorful Plastic Safety Pins for Crochet and Knitting<\/span><br>\n<span style=\"font-family: comic sans ms, sans-serif;color: #000000\">Assortment of 2 sizes<\/span><br>\n<span style=\"font-family: comic sans ms, sans-serif;color: #000000\">Pack of 15 pieces<\/span><br>\n<span style=\"font-family: comic sans ms, sans-serif;color: #000000\">Brand: Pony<\/span><\/p>\n<p>&nbsp;<\/p>","protected":false},"featured_media":16456,"comment_status":"open","ping_status":"closed","template":"","meta":{"site-sidebar-layout":"default","site-content-layout":"","ast-site-content-layout":"default","site-content-style":"default","site-sidebar-style":"default","ast-global-header-display":"","ast-banner-title-visibility":"","ast-main-header-display":"","ast-hfb-above-header-display":"","ast-hfb-below-header-display":"","ast-hfb-mobile-header-display":"","site-post-title":"","ast-breadcrumbs-content":"","ast-featured-img":"","footer-sml-layout":"","ast-disable-related-posts":"","theme-transparent-header-meta":"default","adv-header-id-meta":"","stick-header-meta":"default","header-above-stick-meta":"","header-main-stick-meta":"","header-below-stick-meta":"","astra-migrate-meta-layouts":"set","ast-page-background-enabled":"default","ast-page-background-meta":{"desktop":{"background-color":"var(--ast-global-color-4)","background-image":"","background-repeat":"repeat","background-position":"center center","background-size":"auto","background-attachment":"scroll","background-type":"","background-media":"","overlay-type":"","overlay-color":"","overlay-opacity":"","overlay-gradient":""},"tablet":{"background-color":"","background-image":"","background-repeat":"repeat","background-position":"center center","background-size":"auto","background-attachment":"scroll","background-type":"","background-media":"","overlay-type":"","overlay-color":"","overlay-opacity":"","overlay-gradient":""},"mobile":{"background-color":"","background-image":"","background-repeat":"repeat","background-position":"center center","background-size":"auto","background-attachment":"scroll","background-type":"","background-media":"","overlay-type":"","overlay-color":"","overlay-opacity":"","overlay-gradient":""}},"ast-content-background-meta":{"desktop":{"background-color":"var(--ast-global-color-5)","background-image":"","background-repeat":"repeat","background-position":"center center","background-size":"auto","background-attachment":"scroll","background-type":"","background-media":"","overlay-type":"","overlay-color":"","overlay-opacity":"","overlay-gradient":""},"tablet":{"background-color":"var(--ast-global-color-5)","background-image":"","background-repeat":"repeat","background-position":"center center","background-size":"auto","background-attachment":"scroll","background-type":"","background-media":"","overlay-type":"","overlay-color":"","overlay-opacity":"","overlay-gradient":""},"mobile":{"background-color":"var(--ast-global-color-5)","background-image":"","background-repeat":"repeat","background-position":"center center","background-size":"auto","background-attachment":"scroll","background-type":"","background-media":"","overlay-type":"","overlay-color":"","overlay-opacity":"","overlay-gradient":""}},"iawp_total_views":17},"product_brand":[],"product_cat":[169],"product_tag":[210,209,56,208,55],"class_list":{"0":"post-16583","1":"product","2":"type-product","3":"status-publish","4":"has-post-thumbnail","6":"product_cat-mercerie","7":"product_tag-anneaux-marqueur","8":"product_tag-comptes-mailles","9":"product_tag-crochet","10":"product_tag-marqueurs-de-points","11":"product_tag-tricot","12":"desktop-align-left","13":"tablet-align-left","14":"mobile-align-left","15":"ast-product-gallery-layout-vertical-slider","16":"ast-product-single-variable","17":"ast-product-tabs-layout-horizontal","19":"first","20":"instock","21":"shipping-taxable","22":"purchasable","23":"product-type-variable"},"yoast_head":"<!-- This site is optimized with the Yoast SEO plugin v27.4 - https:\/\/yoast.com\/product\/yoast-seo-wordpress\/ -->\n<title>Marqueurs de mailles - Garance &amp; Rhubarb<\/title>\n<meta name=\"robots\" content=\"index, follow, max-snippet:-1, max-image-preview:large, max-video-preview:-1\" \/>\n<link rel=\"canonical\" href=\"https:\/\/garancerhubarb.com\/en\/product\/marqueurs-de-mailles\/\" \/>\n<meta property=\"og:locale\" content=\"en_GB\" \/>\n<meta property=\"og:type\" content=\"article\" \/>\n<meta property=\"og:title\" content=\"Marqueurs de mailles - Garance &amp; Rhubarb\" \/>\n<meta property=\"og:description\" content=\"Epingles de s\u00fbret\u00e9 en plastique color\u00e9 pour crochet et tricot Assortiment de 2 tailles Pack de 15 pi\u00e8ces Marque : Pony  &nbsp;\" \/>\n<meta property=\"og:url\" content=\"https:\/\/garancerhubarb.com\/en\/product\/marqueurs-de-mailles\/\" \/>\n<meta property=\"og:site_name\" content=\"Garance &amp; Rhubarb\" \/>\n<meta property=\"article:modified_time\" content=\"2026-01-25T16:29:33+00:00\" \/>\n<meta property=\"og:image\" content=\"https:\/\/garancerhubarb.com\/wp-content\/uploads\/2024\/11\/Marqueurs-plastiques-1.webp\" \/>\n\t<meta property=\"og:image:width\" content=\"600\" \/>\n\t<meta property=\"og:image:height\" content=\"600\" \/>\n\t<meta property=\"og:image:type\" content=\"image\/webp\" \/>\n<meta name=\"twitter:card\" content=\"summary_large_image\" \/>\n<meta name=\"twitter:label1\" content=\"Estimated reading time\" \/>\n\t<meta name=\"twitter:data1\" content=\"1 minute\" \/>\n<script type=\"application\/ld+json\" class=\"yoast-schema-graph\">{\"@context\":\"https:\\\/\\\/schema.org\",\"@graph\":[{\"@type\":\"WebPage\",\"@id\":\"https:\\\/\\\/garancerhubarb.com\\\/produit\\\/marqueurs-de-mailles\\\/\",\"url\":\"https:\\\/\\\/garancerhubarb.com\\\/produit\\\/marqueurs-de-mailles\\\/\",\"name\":\"Marqueurs de mailles - Garance &amp; Rhubarb\",\"isPartOf\":{\"@id\":\"https:\\\/\\\/garancerhubarb.com\\\/#website\"},\"primaryImageOfPage\":{\"@id\":\"https:\\\/\\\/garancerhubarb.com\\\/produit\\\/marqueurs-de-mailles\\\/#primaryimage\"},\"image\":{\"@id\":\"https:\\\/\\\/garancerhubarb.com\\\/produit\\\/marqueurs-de-mailles\\\/#primaryimage\"},\"thumbnailUrl\":\"https:\\\/\\\/garancerhubarb.com\\\/wp-content\\\/uploads\\\/2024\\\/11\\\/Marqueurs-plastiques-1.webp\",\"datePublished\":\"2024-11-30T14:09:04+00:00\",\"dateModified\":\"2026-01-25T16:29:33+00:00\",\"breadcrumb\":{\"@id\":\"https:\\\/\\\/garancerhubarb.com\\\/produit\\\/marqueurs-de-mailles\\\/#breadcrumb\"},\"inLanguage\":\"en-GB\",\"potentialAction\":[{\"@type\":\"ReadAction\",\"target\":[\"https:\\\/\\\/garancerhubarb.com\\\/produit\\\/marqueurs-de-mailles\\\/\"]}]},{\"@type\":\"ImageObject\",\"inLanguage\":\"en-GB\",\"@id\":\"https:\\\/\\\/garancerhubarb.com\\\/produit\\\/marqueurs-de-mailles\\\/#primaryimage\",\"url\":\"https:\\\/\\\/garancerhubarb.com\\\/wp-content\\\/uploads\\\/2024\\\/11\\\/Marqueurs-plastiques-1.webp\",\"contentUrl\":\"https:\\\/\\\/garancerhubarb.com\\\/wp-content\\\/uploads\\\/2024\\\/11\\\/Marqueurs-plastiques-1.webp\",\"width\":600,\"height\":600},{\"@type\":\"BreadcrumbList\",\"@id\":\"https:\\\/\\\/garancerhubarb.com\\\/produit\\\/marqueurs-de-mailles\\\/#breadcrumb\",\"itemListElement\":[{\"@type\":\"ListItem\",\"position\":1,\"name\":\"Accueil\",\"item\":\"https:\\\/\\\/garancerhubarb.com\\\/\"},{\"@type\":\"ListItem\",\"position\":2,\"name\":\"Produits\",\"item\":\"https:\\\/\\\/garancerhubarb.com\\\/shop\\\/\"},{\"@type\":\"ListItem\",\"position\":3,\"name\":\"Marqueurs de mailles\"}]},{\"@type\":\"WebSite\",\"@id\":\"https:\\\/\\\/garancerhubarb.com\\\/#website\",\"url\":\"https:\\\/\\\/garancerhubarb.com\\\/\",\"name\":\"Garance & Rhubarb\",\"description\":\"Atelier de teintures naturelles et cr\u00e9ations textiles\",\"publisher\":{\"@id\":\"https:\\\/\\\/garancerhubarb.com\\\/#organization\"},\"alternateName\":\"Atelier de teintures naturelles et cr\u00e9ations textiles\",\"potentialAction\":[{\"@type\":\"SearchAction\",\"target\":{\"@type\":\"EntryPoint\",\"urlTemplate\":\"https:\\\/\\\/garancerhubarb.com\\\/?s={search_term_string}\"},\"query-input\":{\"@type\":\"PropertyValueSpecification\",\"valueRequired\":true,\"valueName\":\"search_term_string\"}}],\"inLanguage\":\"en-GB\"},{\"@type\":\"Organization\",\"@id\":\"https:\\\/\\\/garancerhubarb.com\\\/#organization\",\"name\":\"Garance & Rhubarb\",\"url\":\"https:\\\/\\\/garancerhubarb.com\\\/\",\"logo\":{\"@type\":\"ImageObject\",\"inLanguage\":\"en-GB\",\"@id\":\"https:\\\/\\\/garancerhubarb.com\\\/#\\\/schema\\\/logo\\\/image\\\/\",\"url\":\"https:\\\/\\\/garancerhubarb.com\\\/wp-content\\\/uploads\\\/2024\\\/04\\\/Logo-Garance-Rhubarb-couleur-texte-grossi.webp\",\"contentUrl\":\"https:\\\/\\\/garancerhubarb.com\\\/wp-content\\\/uploads\\\/2024\\\/04\\\/Logo-Garance-Rhubarb-couleur-texte-grossi.webp\",\"width\":1080,\"height\":1080,\"caption\":\"Garance & Rhubarb\"},\"image\":{\"@id\":\"https:\\\/\\\/garancerhubarb.com\\\/#\\\/schema\\\/logo\\\/image\\\/\"}}]}<\/script>\n<!-- \/ Yoast SEO plugin. -->","yoast_head_json":{"title":"Marqueurs de mailles - Garance &amp; Rhubarb","robots":{"index":"index","follow":"follow","max-snippet":"max-snippet:-1","max-image-preview":"max-image-preview:large","max-video-preview":"max-video-preview:-1"},"canonical":"https:\/\/garancerhubarb.com\/en\/product\/marqueurs-de-mailles\/","og_locale":"en_GB","og_type":"article","og_title":"Marqueurs de mailles - Garance &amp; Rhubarb","og_description":"Epingles de s\u00fbret\u00e9 en plastique color\u00e9 pour crochet et tricot Assortiment de 2 tailles Pack de 15 pi\u00e8ces Marque : Pony  &nbsp;","og_url":"https:\/\/garancerhubarb.com\/en\/product\/marqueurs-de-mailles\/","og_site_name":"Garance &amp; Rhubarb","article_modified_time":"2026-01-25T16:29:33+00:00","og_image":[{"width":600,"height":600,"url":"https:\/\/garancerhubarb.com\/wp-content\/uploads\/2024\/11\/Marqueurs-plastiques-1.webp","type":"image\/webp"}],"twitter_card":"summary_large_image","twitter_misc":{"Estimated reading time":"1 minute"},"schema":{"@context":"https:\/\/schema.org","@graph":[{"@type":"WebPage","@id":"https:\/\/garancerhubarb.com\/produit\/marqueurs-de-mailles\/","url":"https:\/\/garancerhubarb.com\/produit\/marqueurs-de-mailles\/","name":"Marqueurs de mailles - Garance &amp; Rhubarb","isPartOf":{"@id":"https:\/\/garancerhubarb.com\/#website"},"primaryImageOfPage":{"@id":"https:\/\/garancerhubarb.com\/produit\/marqueurs-de-mailles\/#primaryimage"},"image":{"@id":"https:\/\/garancerhubarb.com\/produit\/marqueurs-de-mailles\/#primaryimage"},"thumbnailUrl":"https:\/\/garancerhubarb.com\/wp-content\/uploads\/2024\/11\/Marqueurs-plastiques-1.webp","datePublished":"2024-11-30T14:09:04+00:00","dateModified":"2026-01-25T16:29:33+00:00","breadcrumb":{"@id":"https:\/\/garancerhubarb.com\/produit\/marqueurs-de-mailles\/#breadcrumb"},"inLanguage":"en-GB","potentialAction":[{"@type":"ReadAction","target":["https:\/\/garancerhubarb.com\/produit\/marqueurs-de-mailles\/"]}]},{"@type":"ImageObject","inLanguage":"en-GB","@id":"https:\/\/garancerhubarb.com\/produit\/marqueurs-de-mailles\/#primaryimage","url":"https:\/\/garancerhubarb.com\/wp-content\/uploads\/2024\/11\/Marqueurs-plastiques-1.webp","contentUrl":"https:\/\/garancerhubarb.com\/wp-content\/uploads\/2024\/11\/Marqueurs-plastiques-1.webp","width":600,"height":600},{"@type":"BreadcrumbList","@id":"https:\/\/garancerhubarb.com\/produit\/marqueurs-de-mailles\/#breadcrumb","itemListElement":[{"@type":"ListItem","position":1,"name":"Accueil","item":"https:\/\/garancerhubarb.com\/"},{"@type":"ListItem","position":2,"name":"Produits","item":"https:\/\/garancerhubarb.com\/shop\/"},{"@type":"ListItem","position":3,"name":"Marqueurs de mailles"}]},{"@type":"WebSite","@id":"https:\/\/garancerhubarb.com\/#website","url":"https:\/\/garancerhubarb.com\/","name":"Garance & Rhubarb","description":"Atelier de teintures naturelles et cr\u00e9ations textiles","publisher":{"@id":"https:\/\/garancerhubarb.com\/#organization"},"alternateName":"Atelier de teintures naturelles et cr\u00e9ations textiles","potentialAction":[{"@type":"SearchAction","target":{"@type":"EntryPoint","urlTemplate":"https:\/\/garancerhubarb.com\/?s={search_term_string}"},"query-input":{"@type":"PropertyValueSpecification","valueRequired":true,"valueName":"search_term_string"}}],"inLanguage":"en-GB"},{"@type":"Organization","@id":"https:\/\/garancerhubarb.com\/#organization","name":"Garance & Rhubarb","url":"https:\/\/garancerhubarb.com\/","logo":{"@type":"ImageObject","inLanguage":"en-GB","@id":"https:\/\/garancerhubarb.com\/#\/schema\/logo\/image\/","url":"https:\/\/garancerhubarb.com\/wp-content\/uploads\/2024\/04\/Logo-Garance-Rhubarb-couleur-texte-grossi.webp","contentUrl":"https:\/\/garancerhubarb.com\/wp-content\/uploads\/2024\/04\/Logo-Garance-Rhubarb-couleur-texte-grossi.webp","width":1080,"height":1080,"caption":"Garance & Rhubarb"},"image":{"@id":"https:\/\/garancerhubarb.com\/#\/schema\/logo\/image\/"}}]}},"_links":{"self":[{"href":"https:\/\/garancerhubarb.com\/en\/wp-json\/wp\/v2\/product\/16583","targetHints":{"allow":["GET"]}}],"collection":[{"href":"https:\/\/garancerhubarb.com\/en\/wp-json\/wp\/v2\/product"}],"about":[{"href":"https:\/\/garancerhubarb.com\/en\/wp-json\/wp\/v2\/types\/product"}],"replies":[{"embeddable":true,"href":"https:\/\/garancerhubarb.com\/en\/wp-json\/wp\/v2\/comments?post=16583"}],"version-history":[{"count":1,"href":"https:\/\/garancerhubarb.com\/en\/wp-json\/wp\/v2\/product\/16583\/revisions"}],"predecessor-version":[{"id":16675,"href":"https:\/\/garancerhubarb.com\/en\/wp-json\/wp\/v2\/product\/16583\/revisions\/16675"}],"wp:featuredmedia":[{"embeddable":true,"href":"https:\/\/garancerhubarb.com\/en\/wp-json\/wp\/v2\/media\/16456"}],"wp:attachment":[{"href":"https:\/\/garancerhubarb.com\/en\/wp-json\/wp\/v2\/media?parent=16583"}],"wp:term":[{"taxonomy":"product_brand","embeddable":true,"href":"https:\/\/garancerhubarb.com\/en\/wp-json\/wp\/v2\/product_brand?post=16583"},{"taxonomy":"product_cat","embeddable":true,"href":"https:\/\/garancerhubarb.com\/en\/wp-json\/wp\/v2\/product_cat?post=16583"},{"taxonomy":"product_tag","embeddable":true,"href":"https:\/\/garancerhubarb.com\/en\/wp-json\/wp\/v2\/product_tag?post=16583"}],"curies":[{"name":"wp","href":"https:\/\/api.w.org\/{rel}","templated":true}]}}