{"id":16575,"date":"2024-11-30T14:42:01","date_gmt":"2024-11-30T13:42:01","guid":{"rendered":"https:\/\/garancerhubarb.com\/?post_type=product&#038;p=16575"},"modified":"2024-12-06T08:42:25","modified_gmt":"2024-12-06T07:42:25","slug":"epingles-a-laine","status":"publish","type":"product","link":"https:\/\/garancerhubarb.com\/en\/product\/epingles-a-laine\/","title":{"rendered":"Wool pins"},"content":{"rendered":"<p style=\"text-align: justify;\"><span style=\"font-family: comic sans ms, sans-serif; color: #000000;\">With their hand-coloured wooden ball head with natural shades, these pins are perfect for assembling knitting or crochet sections, ready to be sewn. Their rounded tips avoid damaging the work. Very convenient for attaching the sleeves to a sweater or holding your pieces and giving them the right shape before sewing them, they can also be used to close a shawl or a cardigan nicely. <\/span><\/p>\n<p class=\"translation-block\"><strong><span style=\"font-family: comic sans ms, sans-serif;font-size: 14pt;color: #000000\">Features<\/span><\/strong><br>\n<span style=\"font-family: comic sans ms, sans-serif;color: #000000\">Material: wooden head, metal needle<\/span><br>\n<span style=\"font-family: comic sans ms, sans-serif;color: #000000\">Organic colors applied by hand<\/span><br>\n<span style=\"font-family: comic sans ms, sans-serif;color: #000000\">Pack of 5 pieces (variable colors)<\/span><br>\n<span style=\"font-family: comic sans ms, sans-serif;color: #000000\">Length: 7.5 cm<\/span><br>\n<span style=\"font-family: comic sans ms, sans-serif;color: #000000\">Manufacturer: Needle Industries (India) Private Limited<\/span><br>\n<span style=\"font-family: comic sans ms, sans-serif;color: #000000\">Brand: Pony<\/span><\/p>","protected":false},"excerpt":{"rendered":"<p class=\"translation-block\"><span style=\"font-family: comic sans ms, sans-serif;color: #000000\">Metal needle<\/span><br>\n<span style=\"font-family: comic sans ms, sans-serif;color: #000000\">Wooden ball head<\/span><br>\n<span style=\"font-family: comic sans ms, sans-serif;color: #000000\">Length: 7.5 cm<\/span><br>\n<span style=\"font-family: comic sans ms, sans-serif;color: #000000\">Pack of 5 pieces<\/span><br>\n<span style=\"font-family: comic sans ms, sans-serif;color: #000000\">Brand: Pony<\/span><\/p>\n<p>&nbsp;<\/p>","protected":false},"featured_media":16453,"comment_status":"open","ping_status":"closed","template":"","meta":{"site-sidebar-layout":"default","site-content-layout":"","ast-site-content-layout":"default","site-content-style":"default","site-sidebar-style":"default","ast-global-header-display":"","ast-banner-title-visibility":"","ast-main-header-display":"","ast-hfb-above-header-display":"","ast-hfb-below-header-display":"","ast-hfb-mobile-header-display":"","site-post-title":"","ast-breadcrumbs-content":"","ast-featured-img":"","footer-sml-layout":"","ast-disable-related-posts":"","theme-transparent-header-meta":"default","adv-header-id-meta":"","stick-header-meta":"default","header-above-stick-meta":"","header-main-stick-meta":"","header-below-stick-meta":"","astra-migrate-meta-layouts":"set","ast-page-background-enabled":"default","ast-page-background-meta":{"desktop":{"background-color":"var(--ast-global-color-4)","background-image":"","background-repeat":"repeat","background-position":"center center","background-size":"auto","background-attachment":"scroll","background-type":"","background-media":"","overlay-type":"","overlay-color":"","overlay-opacity":"","overlay-gradient":""},"tablet":{"background-color":"","background-image":"","background-repeat":"repeat","background-position":"center center","background-size":"auto","background-attachment":"scroll","background-type":"","background-media":"","overlay-type":"","overlay-color":"","overlay-opacity":"","overlay-gradient":""},"mobile":{"background-color":"","background-image":"","background-repeat":"repeat","background-position":"center center","background-size":"auto","background-attachment":"scroll","background-type":"","background-media":"","overlay-type":"","overlay-color":"","overlay-opacity":"","overlay-gradient":""}},"ast-content-background-meta":{"desktop":{"background-color":"var(--ast-global-color-5)","background-image":"","background-repeat":"repeat","background-position":"center center","background-size":"auto","background-attachment":"scroll","background-type":"","background-media":"","overlay-type":"","overlay-color":"","overlay-opacity":"","overlay-gradient":""},"tablet":{"background-color":"var(--ast-global-color-5)","background-image":"","background-repeat":"repeat","background-position":"center center","background-size":"auto","background-attachment":"scroll","background-type":"","background-media":"","overlay-type":"","overlay-color":"","overlay-opacity":"","overlay-gradient":""},"mobile":{"background-color":"var(--ast-global-color-5)","background-image":"","background-repeat":"repeat","background-position":"center center","background-size":"auto","background-attachment":"scroll","background-type":"","background-media":"","overlay-type":"","overlay-color":"","overlay-opacity":"","overlay-gradient":""}},"iawp_total_views":20},"product_brand":[],"product_cat":[169],"product_tag":[195,196,213,212,180,181],"class_list":{"0":"post-16575","1":"product","2":"type-product","3":"status-publish","4":"has-post-thumbnail","6":"product_cat-mercerie","7":"product_tag-bois","8":"product_tag-couleur-naturelle","9":"product_tag-epingles-a-laine","10":"product_tag-epingles-a-tricot","11":"product_tag-metal","12":"product_tag-pointe-arrondie","13":"desktop-align-left","14":"tablet-align-left","15":"mobile-align-left","16":"ast-product-gallery-layout-vertical-slider","17":"ast-product-single-variable","18":"ast-product-tabs-layout-horizontal","20":"first","21":"instock","22":"shipping-taxable","23":"purchasable","24":"product-type-variable"},"yoast_head":"<!-- This site is optimized with the Yoast SEO plugin v27.4 - https:\/\/yoast.com\/product\/yoast-seo-wordpress\/ -->\n<title>\u00c9pingles \u00e0 laine - Garance &amp; Rhubarb<\/title>\n<meta name=\"robots\" content=\"index, follow, max-snippet:-1, max-image-preview:large, max-video-preview:-1\" \/>\n<link rel=\"canonical\" href=\"https:\/\/garancerhubarb.com\/en\/product\/epingles-a-laine\/\" \/>\n<meta property=\"og:locale\" content=\"en_GB\" \/>\n<meta property=\"og:type\" content=\"article\" \/>\n<meta property=\"og:title\" content=\"\u00c9pingles \u00e0 laine - Garance &amp; Rhubarb\" \/>\n<meta property=\"og:description\" content=\"Aiguille en m\u00e9tal  T\u00eate boule en bois  Longueur : 7.5 cm Pack de 5 pi\u00e8ces Marque : Pony  &nbsp;\" \/>\n<meta property=\"og:url\" content=\"https:\/\/garancerhubarb.com\/en\/product\/epingles-a-laine\/\" \/>\n<meta property=\"og:site_name\" content=\"Garance &amp; Rhubarb\" \/>\n<meta property=\"article:modified_time\" content=\"2024-12-06T07:42:25+00:00\" \/>\n<meta property=\"og:image\" content=\"https:\/\/garancerhubarb.com\/wp-content\/uploads\/2024\/11\/Epingles-a-laine-1.webp\" \/>\n\t<meta property=\"og:image:width\" content=\"600\" \/>\n\t<meta property=\"og:image:height\" content=\"600\" \/>\n\t<meta property=\"og:image:type\" content=\"image\/webp\" \/>\n<meta name=\"twitter:card\" content=\"summary_large_image\" \/>\n<meta name=\"twitter:label1\" content=\"Estimated reading time\" \/>\n\t<meta name=\"twitter:data1\" content=\"1 minute\" \/>\n<script type=\"application\/ld+json\" class=\"yoast-schema-graph\">{\"@context\":\"https:\\\/\\\/schema.org\",\"@graph\":[{\"@type\":\"WebPage\",\"@id\":\"https:\\\/\\\/garancerhubarb.com\\\/produit\\\/epingles-a-laine\\\/\",\"url\":\"https:\\\/\\\/garancerhubarb.com\\\/produit\\\/epingles-a-laine\\\/\",\"name\":\"\u00c9pingles \u00e0 laine - Garance &amp; Rhubarb\",\"isPartOf\":{\"@id\":\"https:\\\/\\\/garancerhubarb.com\\\/#website\"},\"primaryImageOfPage\":{\"@id\":\"https:\\\/\\\/garancerhubarb.com\\\/produit\\\/epingles-a-laine\\\/#primaryimage\"},\"image\":{\"@id\":\"https:\\\/\\\/garancerhubarb.com\\\/produit\\\/epingles-a-laine\\\/#primaryimage\"},\"thumbnailUrl\":\"https:\\\/\\\/garancerhubarb.com\\\/wp-content\\\/uploads\\\/2024\\\/11\\\/Epingles-a-laine-1.webp\",\"datePublished\":\"2024-11-30T13:42:01+00:00\",\"dateModified\":\"2024-12-06T07:42:25+00:00\",\"breadcrumb\":{\"@id\":\"https:\\\/\\\/garancerhubarb.com\\\/produit\\\/epingles-a-laine\\\/#breadcrumb\"},\"inLanguage\":\"en-GB\",\"potentialAction\":[{\"@type\":\"ReadAction\",\"target\":[\"https:\\\/\\\/garancerhubarb.com\\\/produit\\\/epingles-a-laine\\\/\"]}]},{\"@type\":\"ImageObject\",\"inLanguage\":\"en-GB\",\"@id\":\"https:\\\/\\\/garancerhubarb.com\\\/produit\\\/epingles-a-laine\\\/#primaryimage\",\"url\":\"https:\\\/\\\/garancerhubarb.com\\\/wp-content\\\/uploads\\\/2024\\\/11\\\/Epingles-a-laine-1.webp\",\"contentUrl\":\"https:\\\/\\\/garancerhubarb.com\\\/wp-content\\\/uploads\\\/2024\\\/11\\\/Epingles-a-laine-1.webp\",\"width\":600,\"height\":600},{\"@type\":\"BreadcrumbList\",\"@id\":\"https:\\\/\\\/garancerhubarb.com\\\/produit\\\/epingles-a-laine\\\/#breadcrumb\",\"itemListElement\":[{\"@type\":\"ListItem\",\"position\":1,\"name\":\"Accueil\",\"item\":\"https:\\\/\\\/garancerhubarb.com\\\/\"},{\"@type\":\"ListItem\",\"position\":2,\"name\":\"Produits\",\"item\":\"https:\\\/\\\/garancerhubarb.com\\\/shop\\\/\"},{\"@type\":\"ListItem\",\"position\":3,\"name\":\"\u00c9pingles \u00e0 laine\"}]},{\"@type\":\"WebSite\",\"@id\":\"https:\\\/\\\/garancerhubarb.com\\\/#website\",\"url\":\"https:\\\/\\\/garancerhubarb.com\\\/\",\"name\":\"Garance & Rhubarb\",\"description\":\"Atelier de teintures naturelles et cr\u00e9ations textiles\",\"publisher\":{\"@id\":\"https:\\\/\\\/garancerhubarb.com\\\/#organization\"},\"alternateName\":\"Atelier de teintures naturelles et cr\u00e9ations textiles\",\"potentialAction\":[{\"@type\":\"SearchAction\",\"target\":{\"@type\":\"EntryPoint\",\"urlTemplate\":\"https:\\\/\\\/garancerhubarb.com\\\/?s={search_term_string}\"},\"query-input\":{\"@type\":\"PropertyValueSpecification\",\"valueRequired\":true,\"valueName\":\"search_term_string\"}}],\"inLanguage\":\"en-GB\"},{\"@type\":\"Organization\",\"@id\":\"https:\\\/\\\/garancerhubarb.com\\\/#organization\",\"name\":\"Garance & Rhubarb\",\"url\":\"https:\\\/\\\/garancerhubarb.com\\\/\",\"logo\":{\"@type\":\"ImageObject\",\"inLanguage\":\"en-GB\",\"@id\":\"https:\\\/\\\/garancerhubarb.com\\\/#\\\/schema\\\/logo\\\/image\\\/\",\"url\":\"https:\\\/\\\/garancerhubarb.com\\\/wp-content\\\/uploads\\\/2024\\\/04\\\/Logo-Garance-Rhubarb-couleur-texte-grossi.webp\",\"contentUrl\":\"https:\\\/\\\/garancerhubarb.com\\\/wp-content\\\/uploads\\\/2024\\\/04\\\/Logo-Garance-Rhubarb-couleur-texte-grossi.webp\",\"width\":1080,\"height\":1080,\"caption\":\"Garance & Rhubarb\"},\"image\":{\"@id\":\"https:\\\/\\\/garancerhubarb.com\\\/#\\\/schema\\\/logo\\\/image\\\/\"}}]}<\/script>\n<!-- \/ Yoast SEO plugin. -->","yoast_head_json":{"title":"\u00c9pingles \u00e0 laine - Garance &amp; Rhubarb","robots":{"index":"index","follow":"follow","max-snippet":"max-snippet:-1","max-image-preview":"max-image-preview:large","max-video-preview":"max-video-preview:-1"},"canonical":"https:\/\/garancerhubarb.com\/en\/product\/epingles-a-laine\/","og_locale":"en_GB","og_type":"article","og_title":"\u00c9pingles \u00e0 laine - Garance &amp; Rhubarb","og_description":"Aiguille en m\u00e9tal  T\u00eate boule en bois  Longueur : 7.5 cm Pack de 5 pi\u00e8ces Marque : Pony  &nbsp;","og_url":"https:\/\/garancerhubarb.com\/en\/product\/epingles-a-laine\/","og_site_name":"Garance &amp; Rhubarb","article_modified_time":"2024-12-06T07:42:25+00:00","og_image":[{"width":600,"height":600,"url":"https:\/\/garancerhubarb.com\/wp-content\/uploads\/2024\/11\/Epingles-a-laine-1.webp","type":"image\/webp"}],"twitter_card":"summary_large_image","twitter_misc":{"Estimated reading time":"1 minute"},"schema":{"@context":"https:\/\/schema.org","@graph":[{"@type":"WebPage","@id":"https:\/\/garancerhubarb.com\/produit\/epingles-a-laine\/","url":"https:\/\/garancerhubarb.com\/produit\/epingles-a-laine\/","name":"\u00c9pingles \u00e0 laine - Garance &amp; Rhubarb","isPartOf":{"@id":"https:\/\/garancerhubarb.com\/#website"},"primaryImageOfPage":{"@id":"https:\/\/garancerhubarb.com\/produit\/epingles-a-laine\/#primaryimage"},"image":{"@id":"https:\/\/garancerhubarb.com\/produit\/epingles-a-laine\/#primaryimage"},"thumbnailUrl":"https:\/\/garancerhubarb.com\/wp-content\/uploads\/2024\/11\/Epingles-a-laine-1.webp","datePublished":"2024-11-30T13:42:01+00:00","dateModified":"2024-12-06T07:42:25+00:00","breadcrumb":{"@id":"https:\/\/garancerhubarb.com\/produit\/epingles-a-laine\/#breadcrumb"},"inLanguage":"en-GB","potentialAction":[{"@type":"ReadAction","target":["https:\/\/garancerhubarb.com\/produit\/epingles-a-laine\/"]}]},{"@type":"ImageObject","inLanguage":"en-GB","@id":"https:\/\/garancerhubarb.com\/produit\/epingles-a-laine\/#primaryimage","url":"https:\/\/garancerhubarb.com\/wp-content\/uploads\/2024\/11\/Epingles-a-laine-1.webp","contentUrl":"https:\/\/garancerhubarb.com\/wp-content\/uploads\/2024\/11\/Epingles-a-laine-1.webp","width":600,"height":600},{"@type":"BreadcrumbList","@id":"https:\/\/garancerhubarb.com\/produit\/epingles-a-laine\/#breadcrumb","itemListElement":[{"@type":"ListItem","position":1,"name":"Accueil","item":"https:\/\/garancerhubarb.com\/"},{"@type":"ListItem","position":2,"name":"Produits","item":"https:\/\/garancerhubarb.com\/shop\/"},{"@type":"ListItem","position":3,"name":"\u00c9pingles \u00e0 laine"}]},{"@type":"WebSite","@id":"https:\/\/garancerhubarb.com\/#website","url":"https:\/\/garancerhubarb.com\/","name":"Garance & Rhubarb","description":"Atelier de teintures naturelles et cr\u00e9ations textiles","publisher":{"@id":"https:\/\/garancerhubarb.com\/#organization"},"alternateName":"Atelier de teintures naturelles et cr\u00e9ations textiles","potentialAction":[{"@type":"SearchAction","target":{"@type":"EntryPoint","urlTemplate":"https:\/\/garancerhubarb.com\/?s={search_term_string}"},"query-input":{"@type":"PropertyValueSpecification","valueRequired":true,"valueName":"search_term_string"}}],"inLanguage":"en-GB"},{"@type":"Organization","@id":"https:\/\/garancerhubarb.com\/#organization","name":"Garance & Rhubarb","url":"https:\/\/garancerhubarb.com\/","logo":{"@type":"ImageObject","inLanguage":"en-GB","@id":"https:\/\/garancerhubarb.com\/#\/schema\/logo\/image\/","url":"https:\/\/garancerhubarb.com\/wp-content\/uploads\/2024\/04\/Logo-Garance-Rhubarb-couleur-texte-grossi.webp","contentUrl":"https:\/\/garancerhubarb.com\/wp-content\/uploads\/2024\/04\/Logo-Garance-Rhubarb-couleur-texte-grossi.webp","width":1080,"height":1080,"caption":"Garance & Rhubarb"},"image":{"@id":"https:\/\/garancerhubarb.com\/#\/schema\/logo\/image\/"}}]}},"_links":{"self":[{"href":"https:\/\/garancerhubarb.com\/en\/wp-json\/wp\/v2\/product\/16575","targetHints":{"allow":["GET"]}}],"collection":[{"href":"https:\/\/garancerhubarb.com\/en\/wp-json\/wp\/v2\/product"}],"about":[{"href":"https:\/\/garancerhubarb.com\/en\/wp-json\/wp\/v2\/types\/product"}],"replies":[{"embeddable":true,"href":"https:\/\/garancerhubarb.com\/en\/wp-json\/wp\/v2\/comments?post=16575"}],"version-history":[{"count":5,"href":"https:\/\/garancerhubarb.com\/en\/wp-json\/wp\/v2\/product\/16575\/revisions"}],"predecessor-version":[{"id":16721,"href":"https:\/\/garancerhubarb.com\/en\/wp-json\/wp\/v2\/product\/16575\/revisions\/16721"}],"wp:featuredmedia":[{"embeddable":true,"href":"https:\/\/garancerhubarb.com\/en\/wp-json\/wp\/v2\/media\/16453"}],"wp:attachment":[{"href":"https:\/\/garancerhubarb.com\/en\/wp-json\/wp\/v2\/media?parent=16575"}],"wp:term":[{"taxonomy":"product_brand","embeddable":true,"href":"https:\/\/garancerhubarb.com\/en\/wp-json\/wp\/v2\/product_brand?post=16575"},{"taxonomy":"product_cat","embeddable":true,"href":"https:\/\/garancerhubarb.com\/en\/wp-json\/wp\/v2\/product_cat?post=16575"},{"taxonomy":"product_tag","embeddable":true,"href":"https:\/\/garancerhubarb.com\/en\/wp-json\/wp\/v2\/product_tag?post=16575"}],"curies":[{"name":"wp","href":"https:\/\/api.w.org\/{rel}","templated":true}]}}